{"id":2972,"date":"2024-01-19T07:14:18","date_gmt":"2024-01-19T07:14:18","guid":{"rendered":"https:\/\/themepanthers.com\/wp\/risehand\/el\/?page_id=2972"},"modified":"2025-04-03T12:52:48","modified_gmt":"2025-04-03T10:52:48","slug":"contact-us","status":"publish","type":"page","link":"https:\/\/gcmi-foundation.com\/fr\/contact-us\/","title":{"rendered":"Nous contacter"},"content":{"rendered":"<div data-elementor-type=\"wp-page\" data-elementor-id=\"2972\" class=\"elementor elementor-2972\" data-elementor-post-type=\"page\">\n\t\t\t\t\t\t<section class=\"elementor-section elementor-top-section elementor-element elementor-element-68dbc34 elementor-section-boxed elementor-section-height-default elementor-section-height-default\" data-id=\"68dbc34\" data-element_type=\"section\">\n\t\t\t\t\t\t<div class=\"elementor-container elementor-column-gap-default\">\n\t\t\t\t\t<div class=\"elementor-column elementor-col-100 elementor-top-column elementor-element elementor-element-1dacefb\" data-id=\"1dacefb\" data-element_type=\"column\">\n\t\t\t<div class=\"elementor-widget-wrap elementor-element-populated\">\n\t\t\t\t\t\t<div class=\"elementor-element elementor-element-9592f79 elementor-widget elementor-widget-spacer\" data-id=\"9592f79\" data-element_type=\"widget\" data-widget_type=\"spacer.default\">\n\t\t\t\t<div class=\"elementor-widget-container\">\n\t\t\t\t\t\t\t<div class=\"elementor-spacer\">\n\t\t\t<div class=\"elementor-spacer-inner\"><\/div>\n\t\t<\/div>\n\t\t\t\t\t\t<\/div>\n\t\t\t\t<\/div>\n\t\t\t\t\t<\/div>\n\t\t<\/div>\n\t\t\t\t\t<\/div>\n\t\t<\/section>\n\t\t\t\t<section class=\"elementor-section elementor-top-section elementor-element elementor-element-9124a1a elementor-section-boxed elementor-section-height-default elementor-section-height-default\" data-id=\"9124a1a\" data-element_type=\"section\" data-settings=\"{&quot;background_background&quot;:&quot;classic&quot;}\">\n\t\t\t\t\t\t<div class=\"elementor-container elementor-column-gap-extended\">\n\t\t\t\t\t<div class=\"elementor-column elementor-col-50 elementor-top-column elementor-element elementor-element-daba66a\" data-id=\"daba66a\" data-element_type=\"column\">\n\t\t\t<div class=\"elementor-widget-wrap elementor-element-populated\">\n\t\t\t\t\t\t<div class=\"elementor-element elementor-element-0283a9e elementor-widget elementor-widget-risehand-title-v1\" data-id=\"0283a9e\" data-element_type=\"widget\" data-widget_type=\"risehand-title-v1.default\">\n\t\t\t\t<div class=\"elementor-widget-container\">\n\t\t\t\t\t \r\n<div class=\"title_all_box style_one dark_color\">\r\n                        <div class=\"before_title pb_15 d_flex align-items-center\">\r\n                                    <div class=\"icon_box\">\r\n                                                                            <div class=\"icon\">\r\n                                <span class=\"risehand-002-healthcare\"><\/span>\r\n                            <\/div>\r\n                                                                    <\/div>\r\n                                <div class=\"sub_title font_special\">\r\n                    Nous contacter\n                <\/div>\r\n            <\/div>\r\n                            <h2 class=\"title_no_a_46  mb_0 pb_20\">\r\n                Pr\u00eat \u00e0 nous contacter ?            <\/h2>\r\n                            <p class=\"desc_p\">\r\n                Nous sommes ici pour vous aider et heureux de vous connecter avec nous ! N'h\u00e9sitez pas \u00e0 nous contacter \u00e0 tout moment pour obtenir plus de d\u00e9tails ou de l'aide. Faites-nous savoir comment nous pouvons vous soutenir, et nous serons ravis de vous fournir toutes les informations dont vous avez besoin.            <\/p>\r\n            <\/div>\r\n\r\n\t\t\t\t<\/div>\n\t\t\t\t<\/div>\n\t\t\t\t<div class=\"elementor-element elementor-element-5d24be4 elementor-widget elementor-widget-risehand-contact-box-v1\" data-id=\"5d24be4\" data-element_type=\"widget\" data-widget_type=\"risehand-contact-box-v1.default\">\n\t\t\t\t<div class=\"elementor-widget-container\">\n\t\t\t\t\t<div class=\"contact_style_two trans dark\"><div class=\"contnet\"> <div class=\"address d_flex common\"><i class=\"risehand-map-pin\"><\/i><div class=\"outer\"><div class=\"title_no_a_20\">Adresse<\/div><p>Laayoune, Maroc<\/p><\/div><\/div><div class=\"phone common d_flex\"><i class=\"risehand-phone\"><\/i><div class=\"outer\"><div class=\"title_no_a_20\">Notre num\u00e9ro de t\u00e9l\u00e9phone<\/div><p><a href=\"mailto:0608-884800\">0608-884800\n<\/a><\/p><\/div> <\/div>  <\/div><\/div>\n\t\t\t\t<\/div>\n\t\t\t\t<\/div>\n\t\t\t\t\t<\/div>\n\t\t<\/div>\n\t\t\t\t<div class=\"elementor-column elementor-col-50 elementor-top-column elementor-element elementor-element-506c179\" data-id=\"506c179\" data-element_type=\"column\" data-settings=\"{&quot;background_background&quot;:&quot;classic&quot;}\">\n\t\t\t<div class=\"elementor-widget-wrap elementor-element-populated\">\n\t\t\t\t\t\t<div class=\"elementor-element elementor-element-2f30472 elementor-widget elementor-widget-risehand-contact-form-v1\" data-id=\"2f30472\" data-element_type=\"widget\" data-widget_type=\"risehand-contact-form-v1.default\">\n\t\t\t\t<div class=\"elementor-widget-container\">\n\t\t\t\t\t<section class=\"contact_form_box_all\"> \n<div class=\"wpcf7 no-js\" id=\"wpcf7-f7284-o1\" lang=\"en-US\" dir=\"ltr\" data-wpcf7-id=\"7284\">\n<div class=\"screen-reader-response\"><p role=\"status\" aria-live=\"polite\" aria-atomic=\"true\"><\/p> <ul><\/ul><\/div>\n<form action=\"\/fr\/wp-json\/wp\/v2\/pages\/2972#wpcf7-f7284-o1\" method=\"post\" class=\"wpcf7-form init\" aria-label=\"Contact form\" novalidate=\"novalidate\" data-status=\"init\" data-trp-original-action=\"\/fr\/wp-json\/wp\/v2\/pages\/2972#wpcf7-f7284-o1\">\n<fieldset class=\"hidden-fields-container\"><input type=\"hidden\" name=\"_wpcf7\" value=\"7284\" \/><input type=\"hidden\" name=\"_wpcf7_version\" value=\"6.1.1\" \/><input type=\"hidden\" name=\"_wpcf7_locale\" value=\"en_US\" \/><input type=\"hidden\" name=\"_wpcf7_unit_tag\" value=\"wpcf7-f7284-o1\" \/><input type=\"hidden\" name=\"_wpcf7_container_post\" value=\"0\" \/><input type=\"hidden\" name=\"_wpcf7_posted_data_hash\" value=\"\" \/>\n<\/fieldset>\n<p><label> Votre Nom (*)<br \/>\n<span class=\"wpcf7-form-control-wrap\" data-name=\"your-name\"><input size=\"40\" maxlength=\"400\" class=\"wpcf7-form-control wpcf7-text wpcf7-validates-as-required\" autocomplete=\"name\" aria-required=\"true\" aria-invalid=\"false\" value=\"\" type=\"text\" name=\"your-name\" \/><\/span> <\/label>\n<\/p>\n<p><label> Votre email (*)<br \/>\n<span class=\"wpcf7-form-control-wrap\" data-name=\"your-email\"><input size=\"40\" maxlength=\"400\" class=\"wpcf7-form-control wpcf7-email wpcf7-validates-as-required wpcf7-text wpcf7-validates-as-email\" autocomplete=\"email\" aria-required=\"true\" aria-invalid=\"false\" value=\"\" type=\"email\" name=\"your-email\" \/><\/span> <\/label><br \/>\n<label> Votre t\u00e9l\u00e9phone (*)<br \/>\n<span class=\"wpcf7-form-control-wrap\" data-name=\"tel-110\"><input size=\"40\" maxlength=\"400\" class=\"wpcf7-form-control wpcf7-tel wpcf7-validates-as-required wpcf7-text wpcf7-validates-as-tel\" aria-required=\"true\" aria-invalid=\"false\" value=\"\" type=\"tel\" name=\"tel-110\" \/><\/span><\/label><br \/>\n<label> Votre Ville (*)<br \/>\n<span class=\"wpcf7-form-control-wrap\" data-name=\"select-970\"><select class=\"wpcf7-form-control wpcf7-select wpcf7-validates-as-required\" aria-required=\"true\" aria-invalid=\"false\" name=\"select-970\"><option value=\"Laayoune\">Laayoune<\/option><\/select><\/span><\/label><br \/>\n<label> Sujet (*)<br \/>\n<span class=\"wpcf7-form-control-wrap\" data-name=\"your-subject\"><input size=\"40\" maxlength=\"400\" class=\"wpcf7-form-control wpcf7-text wpcf7-validates-as-required\" aria-required=\"true\" aria-invalid=\"false\" value=\"\" type=\"text\" name=\"your-subject\" \/><\/span> <\/label>\n<\/p>\n<p><label> Votre message<br \/>\n<span class=\"wpcf7-form-control-wrap\" data-name=\"your-message\"><textarea cols=\"40\" rows=\"10\" maxlength=\"2000\" class=\"wpcf7-form-control wpcf7-textarea\" aria-invalid=\"false\" name=\"your-message\"><\/textarea><\/span> <\/label>\n<\/p>\n<p><input class=\"wpcf7-form-control wpcf7-submit has-spinner\" type=\"submit\" value=\"Envoyer\" \/>\n<\/p><div class=\"wpcf7-response-output\" aria-hidden=\"true\"><\/div>\n<input type=\"hidden\" name=\"trp-form-language\" value=\"fr\"\/><\/form>\n<\/div>\n <\/section>\n\t\t\t\t<\/div>\n\t\t\t\t<\/div>\n\t\t\t\t<div class=\"elementor-element elementor-element-9eb68a5 elementor-absolute elementor-widget elementor-widget-image\" data-id=\"9eb68a5\" data-element_type=\"widget\" data-settings=\"{&quot;_position&quot;:&quot;absolute&quot;}\" data-widget_type=\"image.default\">\n\t\t\t\t<div class=\"elementor-widget-container\">\n\t\t\t\t\t\t\t\t\t\t\t\t\t\t\t<img decoding=\"async\" src=\"https:\/\/themepanthers.com\/wp\/risehand\/el\/wp-content\/uploads\/2024\/01\/contact-pat-1-1.png\" title=\"\" alt=\"\" loading=\"lazy\" \/>\t\t\t\t\t\t\t\t\t\t\t\t\t\t\t<\/div>\n\t\t\t\t<\/div>\n\t\t\t\t\t<\/div>\n\t\t<\/div>\n\t\t\t\t\t<\/div>\n\t\t<\/section>\n\t\t\t\t<\/div>","protected":false},"excerpt":{"rendered":"<p>Contact Us Ready to Reach Out? We\u2019re here to help and happy to connect! Feel free to reach out anytime for more details or assistance. Let us know how we [&hellip;]<\/p>","protected":false},"author":1,"featured_media":0,"parent":0,"menu_order":0,"comment_status":"closed","ping_status":"closed","template":"template-fullwidth.php","meta":{"give_campaign_id":0,"footnotes":""},"class_list":["post-2972","page","type-page","status-publish","hentry"],"campaignId":"","_links":{"self":[{"href":"https:\/\/gcmi-foundation.com\/fr\/wp-json\/wp\/v2\/pages\/2972","targetHints":{"allow":["GET"]}}],"collection":[{"href":"https:\/\/gcmi-foundation.com\/fr\/wp-json\/wp\/v2\/pages"}],"about":[{"href":"https:\/\/gcmi-foundation.com\/fr\/wp-json\/wp\/v2\/types\/page"}],"author":[{"embeddable":true,"href":"https:\/\/gcmi-foundation.com\/fr\/wp-json\/wp\/v2\/users\/1"}],"replies":[{"embeddable":true,"href":"https:\/\/gcmi-foundation.com\/fr\/wp-json\/wp\/v2\/comments?post=2972"}],"version-history":[{"count":67,"href":"https:\/\/gcmi-foundation.com\/fr\/wp-json\/wp\/v2\/pages\/2972\/revisions"}],"predecessor-version":[{"id":8968,"href":"https:\/\/gcmi-foundation.com\/fr\/wp-json\/wp\/v2\/pages\/2972\/revisions\/8968"}],"wp:attachment":[{"href":"https:\/\/gcmi-foundation.com\/fr\/wp-json\/wp\/v2\/media?parent=2972"}],"curies":[{"name":"wp","href":"https:\/\/api.w.org\/{rel}","templated":true}]}}