{"id":2975,"date":"2024-01-19T07:14:18","date_gmt":"2024-01-19T07:14:18","guid":{"rendered":"https:\/\/themepanthers.com\/wp\/risehand\/el\/?page_id=2975"},"modified":"2025-03-03T13:13:55","modified_gmt":"2025-03-03T12:13:55","slug":"testimonials","status":"publish","type":"page","link":"https:\/\/gcmi-foundation.com\/fr\/testimonials\/","title":{"rendered":"T\u00e9moignages"},"content":{"rendered":"<div data-elementor-type=\"wp-page\" data-elementor-id=\"2975\" class=\"elementor elementor-2975\" data-elementor-post-type=\"page\">\n\t\t\t\t\t\t<section class=\"elementor-section elementor-top-section elementor-element elementor-element-4340c58 elementor-section-boxed elementor-section-height-default elementor-section-height-default\" data-id=\"4340c58\" data-element_type=\"section\">\n\t\t\t\t\t\t<div class=\"elementor-container elementor-column-gap-default\">\n\t\t\t\t\t<div class=\"elementor-column elementor-col-100 elementor-top-column elementor-element elementor-element-186913f\" data-id=\"186913f\" data-element_type=\"column\">\n\t\t\t<div class=\"elementor-widget-wrap elementor-element-populated\">\n\t\t\t\t\t\t<div class=\"elementor-element elementor-element-b051ffe elementor-widget elementor-widget-spacer\" data-id=\"b051ffe\" data-element_type=\"widget\" data-widget_type=\"spacer.default\">\n\t\t\t\t<div class=\"elementor-widget-container\">\n\t\t\t\t\t\t\t<div class=\"elementor-spacer\">\n\t\t\t<div class=\"elementor-spacer-inner\"><\/div>\n\t\t<\/div>\n\t\t\t\t\t\t<\/div>\n\t\t\t\t<\/div>\n\t\t\t\t\t<\/div>\n\t\t<\/div>\n\t\t\t\t\t<\/div>\n\t\t<\/section>\n\t\t\t\t<section class=\"elementor-section elementor-top-section elementor-element elementor-element-9b5eba5 elementor-section-content-middle elementor-section-boxed elementor-section-height-default elementor-section-height-default\" data-id=\"9b5eba5\" data-element_type=\"section\">\n\t\t\t\t\t\t<div class=\"elementor-container elementor-column-gap-extended\">\n\t\t\t\t\t<div class=\"elementor-column elementor-col-100 elementor-top-column elementor-element elementor-element-2aa984e\" data-id=\"2aa984e\" data-element_type=\"column\">\n\t\t\t<div class=\"elementor-widget-wrap elementor-element-populated\">\n\t\t\t\t\t\t<div class=\"elementor-element elementor-element-5ac5b5d elementor-widget elementor-widget-risehand-title-v1\" data-id=\"5ac5b5d\" data-element_type=\"widget\" data-widget_type=\"risehand-title-v1.default\">\n\t\t\t\t<div class=\"elementor-widget-container\">\n\t\t\t\t\t \r\n<div class=\"title_all_box style_one dark_color\">\r\n                        <div class=\"before_title pb_15 d_flex align-items-center\">\r\n                                    <div class=\"icon_box\">\r\n                                                                            <div class=\"icon\">\r\n                                <span class=\"risehand-002-healthcare\"><\/span>\r\n                            <\/div>\r\n                                                                    <\/div>\r\n                                <div class=\"sub_title font_special\">\r\n                    T\u00e9moignages                <\/div>\r\n            <\/div>\r\n                            <h2 class=\"title_no_a_46  mb_0 pb_20\">\r\n                \nCe Que Disent Les Gens <br>\nA propos de nous            <\/h2>\r\n                    <\/div>\r\n\r\n\t\t\t\t<\/div>\n\t\t\t\t<\/div>\n\t\t\t\t<div class=\"elementor-element elementor-element-fe601d1 elementor-widget elementor-widget-spacer\" data-id=\"fe601d1\" data-element_type=\"widget\" data-widget_type=\"spacer.default\">\n\t\t\t\t<div class=\"elementor-widget-container\">\n\t\t\t\t\t\t\t<div class=\"elementor-spacer\">\n\t\t\t<div class=\"elementor-spacer-inner\"><\/div>\n\t\t<\/div>\n\t\t\t\t\t\t<\/div>\n\t\t\t\t<\/div>\n\t\t\t\t<div class=\"elementor-element elementor-element-0d23575 elementor-widget elementor-widget-risehand-testimonial-carousel-v1\" data-id=\"0d23575\" data-element_type=\"widget\" data-widget_type=\"risehand-testimonial-carousel-v1.default\">\n\t\t\t\t<div class=\"elementor-widget-container\">\n\t\t\t\t\t \r\n    <section class=\"testimonial_sec style_four\">\r\n    <div class=\"swiper swiper-container dot_enabled swiper_container\"\r\n        data-swiper='{            \"loop\": true,            \"autoplay\": {                \"delay\": 5000            },            \"speed\": 500,            \"centeredSlides\": false,            \"spaceBetween\": 20,            \"navigation\": {                \"nextEl\": \".port-next-one\",                \"prevEl\": \".port-prev-one\"            },            \"pagination\": {                \"el\": \".test-pagination\",                \"clickable\": true,                \"type\": \"bullets\"            },            \"grabCursor\": true,            \"breakpoints\": {                \"1200\": {                    \"slidesPerView\": 2                },                \"1024\": {                    \"slidesPerView\": 2                },                \"768\": {                    \"slidesPerView\": 1                },                \"576\": {                    \"slidesPerView\": 1                }            }        }'>\r\n        <div class=\"swiper-wrapper\">\r\n                        <div class=\"swiper-slide\">\r\n                                                <div class=\"testimonial_box style_four\">\r\n                    <div class=\"content_box\">\r\n                        <ul class=\"rating\">\r\n                                                        <li><span class=\"fa fa-star fill\"><\/span><span class=\"fa fa-star fill\"><\/span><span\r\n                                    class=\"fa fa-star fill\"><\/span><span class=\"fa fa-star fill\"><\/span><span\r\n                                    class=\"fa fa-star fill\"><\/span><\/li>\r\n                                                    <\/ul>\r\n                                                                        <div class=\"comment\">La fondation Sheikh Ma Al-Ainain a chang\u00e9 ma vie. Le concours de m\u00e9morisation du Coran m'a incit\u00e9 \u00e0 approfondir mes connaissances et \u00e0 me rapprocher de ma foi d'une mani\u00e8re significative. Je leur suis reconnaissant de leur soutien ind\u00e9fectible.<\/div>\r\n                                                <div\r\n                            class=\"authour_details d_flex align-tems-center\">\r\n                                                        <div class=\"details\">\r\n                                <div class=\"title_no_a_22\">Muhammad Salem Indour<\/div>\r\n                                <span class=\"d-block\">Une communaut\u00e9 d'accueil<\/span>\r\n                            <\/div>\r\n                        <\/div>\r\n                        <div class=\"quote_icons\"><i class=\"risehand-013-quotation\"><\/i><\/div>\r\n                    <\/div>\r\n                <\/div>\r\n                                                                            <\/div>\r\n                        <div class=\"swiper-slide\">\r\n                                                <div class=\"testimonial_box style_four\">\r\n                    <div class=\"content_box\">\r\n                        <ul class=\"rating\">\r\n                                                        <li><span class=\"fa fa-star fill\"><\/span><span class=\"fa fa-star fill\"><\/span><span\r\n                                    class=\"fa fa-star fill\"><\/span><span class=\"fa fa-star fill\"><\/span><span\r\n                                    class=\"fa fa-star empty\"><\/span><\/li>\r\n                                                    <\/ul>\r\n                                                                        <div class=\"comment\">Gr\u00e2ce aux concours coraniques, mes enfants sont d\u00e9sormais fiers de leur foi et de leur \u00e9ducation. La fondation investit v\u00e9ritablement dans l'avenir en nourrissant le c\u0153ur et l'esprit de nos jeunes.<\/div>\r\n                                                <div\r\n                            class=\"authour_details d_flex align-tems-center\">\r\n                                                        <div class=\"details\">\r\n                                <div class=\"title_no_a_22\">Layla El Mahdi<\/div>\r\n                                <span class=\"d-block\">Inspirer la prochaine g\u00e9n\u00e9ration<\/span>\r\n                            <\/div>\r\n                        <\/div>\r\n                        <div class=\"quote_icons\"><i class=\"risehand-013-quotation\"><\/i><\/div>\r\n                    <\/div>\r\n                <\/div>\r\n                                                                            <\/div>\r\n                        <div class=\"swiper-slide\">\r\n                                                <div class=\"testimonial_box style_four\">\r\n                    <div class=\"content_box\">\r\n                        <ul class=\"rating\">\r\n                                                        <li><span class=\"fa fa-star fill\"><\/span><span class=\"fa fa-star fill\"><\/span><span\r\n                                    class=\"fa fa-star fill\"><\/span><span class=\"fa fa-star fill\"><\/span><span\r\n                                    class=\"fa fa-star empty\"><\/span><\/li>\r\n                                                    <\/ul>\r\n                                                                        <div class=\"comment\">Mon fils a particip\u00e9 au concours coranique et cette exp\u00e9rience a chang\u00e9 sa vie. Les encouragements et la reconnaissance qu'il a re\u00e7us l'ont motiv\u00e9 \u00e0 viser plus haut dans la vie.<\/div>\r\n                                                <div\r\n                            class=\"authour_details d_flex align-tems-center\">\r\n                                                        <div class=\"details\">\r\n                                <div class=\"title_no_a_22\">Ahmed Sidi Mohamed<\/div>\r\n                                <span class=\"d-block\">Transformer des vies gr\u00e2ce \u00e0 l'\u00e9ducation<\/span>\r\n                            <\/div>\r\n                        <\/div>\r\n                        <div class=\"quote_icons\"><i class=\"risehand-013-quotation\"><\/i><\/div>\r\n                    <\/div>\r\n                <\/div>\r\n                                                                            <\/div>\r\n                                <\/div>\r\n    <\/div>\r\n\r\n    \r\n    \r\n        <div class=\"dot_alignment\">\r\n        <div class=\"port-pagination test-pagination common-dots\"><\/div>\r\n    <\/div>\r\n    \r\n    <\/section>\r\n\r\n    \t\t\t\t<\/div>\n\t\t\t\t<\/div>\n\t\t\t\t<div class=\"elementor-element elementor-element-34f41b8 elementor-widget elementor-widget-spacer\" data-id=\"34f41b8\" data-element_type=\"widget\" data-widget_type=\"spacer.default\">\n\t\t\t\t<div class=\"elementor-widget-container\">\n\t\t\t\t\t\t\t<div class=\"elementor-spacer\">\n\t\t\t<div class=\"elementor-spacer-inner\"><\/div>\n\t\t<\/div>\n\t\t\t\t\t\t<\/div>\n\t\t\t\t<\/div>\n\t\t\t\t\t<\/div>\n\t\t<\/div>\n\t\t\t\t\t<\/div>\n\t\t<\/section>\n\t\t\t\t<\/div>","protected":false},"excerpt":{"rendered":"<p>Testimonials What The People Say About Us The Sheikh Ma Al-Ainain Foundation has changed my life. The Quranic memorization competition inspired me to deepen my knowledge and connect with my [&hellip;]<\/p>","protected":false},"author":1,"featured_media":0,"parent":0,"menu_order":0,"comment_status":"closed","ping_status":"closed","template":"elementor_header_footer","meta":{"give_campaign_id":0,"footnotes":""},"class_list":["post-2975","page","type-page","status-publish","hentry"],"campaignId":"","_links":{"self":[{"href":"https:\/\/gcmi-foundation.com\/fr\/wp-json\/wp\/v2\/pages\/2975","targetHints":{"allow":["GET"]}}],"collection":[{"href":"https:\/\/gcmi-foundation.com\/fr\/wp-json\/wp\/v2\/pages"}],"about":[{"href":"https:\/\/gcmi-foundation.com\/fr\/wp-json\/wp\/v2\/types\/page"}],"author":[{"embeddable":true,"href":"https:\/\/gcmi-foundation.com\/fr\/wp-json\/wp\/v2\/users\/1"}],"replies":[{"embeddable":true,"href":"https:\/\/gcmi-foundation.com\/fr\/wp-json\/wp\/v2\/comments?post=2975"}],"version-history":[{"count":54,"href":"https:\/\/gcmi-foundation.com\/fr\/wp-json\/wp\/v2\/pages\/2975\/revisions"}],"predecessor-version":[{"id":8665,"href":"https:\/\/gcmi-foundation.com\/fr\/wp-json\/wp\/v2\/pages\/2975\/revisions\/8665"}],"wp:attachment":[{"href":"https:\/\/gcmi-foundation.com\/fr\/wp-json\/wp\/v2\/media?parent=2975"}],"curies":[{"name":"wp","href":"https:\/\/api.w.org\/{rel}","templated":true}]}}